{"id":1804,"date":"2022-05-19T09:13:57","date_gmt":"2022-05-19T09:13:57","guid":{"rendered":"https:\/\/exclusivessesilles.com\/?page_id=1804"},"modified":"2025-02-13T12:11:11","modified_gmt":"2025-02-13T12:11:11","slug":"cumplimiento-legal","status":"publish","type":"page","link":"https:\/\/exclusivessesilles.com\/index.php\/cumplimiento-legal\/","title":{"rendered":"Cumplimiento legal"},"content":{"rendered":"\t\t<div data-elementor-type=\"wp-page\" data-elementor-id=\"1804\" class=\"elementor elementor-1804\">\n\t\t\t\t\t\t<section class=\"elementor-section elementor-top-section elementor-element elementor-element-2ed14c2 elementor-section-boxed elementor-section-height-default elementor-section-height-default\" data-id=\"2ed14c2\" data-element_type=\"section\">\n\t\t\t\t\t\t<div class=\"elementor-container elementor-column-gap-default\">\n\t\t\t\t\t<div class=\"elementor-column elementor-col-100 elementor-top-column elementor-element elementor-element-56ba47d\" data-id=\"56ba47d\" data-element_type=\"column\">\n\t\t\t<div class=\"elementor-widget-wrap elementor-element-populated\">\n\t\t\t\t\t\t<div class=\"elementor-element elementor-element-a90d043 elementor-widget elementor-widget-image\" data-id=\"a90d043\" data-element_type=\"widget\" data-widget_type=\"image.default\">\n\t\t\t\t<div class=\"elementor-widget-container\">\n\t\t\t\t\t\t\t\t\t\t\t\t\t\t\t\t<a href=\"https:\/\/exclusivessesilles.com\/\">\n\t\t\t\t\t\t\t<img decoding=\"async\" width=\"150\" height=\"150\" src=\"https:\/\/exclusivessesilles.com\/wp-content\/uploads\/2022\/04\/ses_illes-150x150.png\" class=\"attachment-thumbnail size-thumbnail wp-image-1501\" alt=\"Logo de Exclusives Ses ILLES\" style=\"width:100%;height:66.47%;max-width:173px\" \/>\t\t\t\t\t\t\t\t<\/a>\n\t\t\t\t\t\t\t\t\t\t\t\t\t\t\t<\/div>\n\t\t\t\t<\/div>\n\t\t\t\t<div class=\"elementor-element elementor-element-43546c7 elementor-widget elementor-widget-text-editor\" data-id=\"43546c7\" data-element_type=\"widget\" data-widget_type=\"text-editor.default\">\n\t\t\t\t<div class=\"elementor-widget-container\">\n\t\t\t\t\t\t\t\t\t<p><strong>CUMPLIMIENTO LEGAL<\/strong><\/p><p>EXCLUSIVES SES ILLES, S.L.U. es una empresa comprometida con el comportamiento \u00e9tico y socialmente responsable, el cual se encuentra presente en todas y cada una de sus decisiones y \u00e1reas de actuaci\u00f3n, con especial respeto a los derechos humanos, los derechos laborales y a las libertades de las personas.<\/p><p>El reflejo de este compromiso de cultura de cumplimiento y voluntad de prevenci\u00f3n de todo tipo de riesgos de alcance penal, se halla en la dotaci\u00f3n de un sistema de prevenci\u00f3n de riesgos penales en EXCLUSIVES SES ILLES, S.L.U., as\u00ed como en la adopci\u00f3n de su Manual de\u00a0<em>Compliance<\/em>\u00a0(Pol\u00edtica de\u00a0<em>Compliance<\/em>), C\u00f3digo \u00c9tico y normativa interna que los desarrolla.<\/p><p>La Pol\u00edtica de\u00a0<em>Compliance<\/em>\u00a0de EXCLUSIVES SES ILLES, S.L.U. tiene como objetivo la identificaci\u00f3n y prevenci\u00f3n de riesgos de alcance penal, as\u00ed como el cumplimiento normativo en todos los \u00e1mbitos de actividad, incluyendo las exigencias legales, la normativa interna de la empresa, as\u00ed como los est\u00e1ndares del buen gobierno corporativo y las mejores pr\u00e1cticas empresariales.<\/p><p>El C\u00f3digo \u00c9tico de EXCLUSIVES SES ILLES, S.L.U. recoge los principios y valores que deben presidir la actuaci\u00f3n de la empresa y de todos sus empleados y empleadas, estableciendo un conjunto de principios y pautas de conducta en el desarrollo de su actividad y con independencia de su nivel jer\u00e1rquico, de su ubicaci\u00f3n geogr\u00e1fica o funcional, con el fin de procurar un comportamiento profesional \u00e9tico, responsable y de transparencia en todos los \u00e1mbitos de actuaci\u00f3n. Asimismo, el C\u00f3digo \u00c9tico de EXCLUSIVES SES ILLES, S.L.U. debe ser una referencia para todos aquellos terceros que tengan relaci\u00f3n, colaboren o contraten con la empresa.<\/p><p>EXCLUSIVES SES ILLES, S.L.U. proporciona un canal de comunicaci\u00f3n espec\u00edfico que sirve de instrumento para que todas aquellas personas que tengan conocimiento, en un contexto laboral o profesional, de la realizaci\u00f3n de cualquier infracci\u00f3n en EXCLUSIVES SES ILLES, S.L.U., la puedan poner en conocimiento (incluso de forma an\u00f3nima) al Responsable del Sistema a trav\u00e9s de los siguientes canales de comunicaci\u00f3n del Canal \u00c9tico que EXCLUSIVES SES ILLES, S.L.U. tiene habilitados al efecto:<\/p><p>&#8211;\u00a0\u00a0\u00a0\u00a0\u00a0\u00a0\u00a0\u00a0\u00a0\u00a0A trav\u00e9s de la direcci\u00f3n de correo electr\u00f3nico:\u00a0<a href=\"mailto:canaletico@disbasegrup.com\">canaletico@disbasegrup.com<\/a><\/p><p>&#8211;\u00a0\u00a0\u00a0\u00a0\u00a0\u00a0\u00a0\u00a0\u00a0\u00a0V\u00eda correo postal a la siguiente direcci\u00f3n: Afores s\/n, 17183 Sant Dalmai (Vilob\u00ed d\u2019Onyar), Girona (a la atenci\u00f3n exclusiva del Responsable del Sistema (Canal \u00c9tico) de DISBASE) o;<\/p><p>&#8211;\u00a0\u00a0\u00a0\u00a0\u00a0\u00a0\u00a0\u00a0\u00a0\u00a0Mediante solicitud de reuni\u00f3n presencial con el Responsable del Sistema.<\/p><ul><li>Lea\u00a0<a href=\"https:\/\/exclusivessesilles.com\/index.php\/canal-etico\/\"><u>aqu\u00ed <\/u><\/a>nuestro C\u00f3digo \u00c9tico<\/li><li>Lea\u00a0<a href=\"https:\/\/exclusivessesilles.com\/index.php\/politica-de-funcionamiento-de-canal-etico\/\"><u>aqu\u00ed <\/u><\/a>nuestra Pol\u00edtica de funcionamiento del Canal \u00c9tico<\/li><\/ul>\t\t\t\t\t\t\t\t<\/div>\n\t\t\t\t<\/div>\n\t\t\t\t\t<\/div>\n\t\t<\/div>\n\t\t\t\t\t<\/div>\n\t\t<\/section>\n\t\t\t\t<section class=\"elementor-section elementor-top-section elementor-element elementor-element-2ce496c elementor-section-full_width elementor-section-height-default elementor-section-height-default\" data-id=\"2ce496c\" data-element_type=\"section\">\n\t\t\t\t\t\t<div class=\"elementor-container elementor-column-gap-default\">\n\t\t\t\t\t<div class=\"elementor-column elementor-col-50 elementor-top-column elementor-element elementor-element-8cc9fed\" data-id=\"8cc9fed\" data-element_type=\"column\">\n\t\t\t<div class=\"elementor-widget-wrap elementor-element-populated\">\n\t\t\t\t\t\t<div class=\"elementor-element elementor-element-6fe48df elementor-widget elementor-widget-text-editor\" data-id=\"6fe48df\" data-element_type=\"widget\" data-widget_type=\"text-editor.default\">\n\t\t\t\t<div class=\"elementor-widget-container\">\n\t\t\t\t\t\t\t\t\t<p style=\"text-align: center;\"><a href=\"https:\/\/exclusivessesilles.com\/\">\u00a9 2025 Exclusives Ses Illes S.L.U.<\/a><\/p>\t\t\t\t\t\t\t\t<\/div>\n\t\t\t\t<\/div>\n\t\t\t\t\t<\/div>\n\t\t<\/div>\n\t\t\t\t<div class=\"elementor-column elementor-col-50 elementor-top-column elementor-element elementor-element-18e43d7\" data-id=\"18e43d7\" data-element_type=\"column\">\n\t\t\t<div class=\"elementor-widget-wrap elementor-element-populated\">\n\t\t\t\t\t\t<div class=\"elementor-element elementor-element-9515896 elementor-widget elementor-widget-text-editor\" data-id=\"9515896\" data-element_type=\"widget\" data-widget_type=\"text-editor.default\">\n\t\t\t\t<div class=\"elementor-widget-container\">\n\t\t\t\t\t\t\t\t\t<p style=\"text-align: center;\"><a href=\"https:\/\/exclusivessesilles.com\/index.php\/privacidad-duplicado-744\/\">Aviso legal y pol\u00edtica de privacidad<\/a> | <a href=\"https:\/\/exclusivessesilles.com\/index.php\/cookies-duplicado-774-2\/\">Cookies <\/a>| <a href=\"https:\/\/exclusivessesilles.com\/index.php\/cookies-duplicado-774\/\">Cumplimiento legal<\/a><\/p>\t\t\t\t\t\t\t\t<\/div>\n\t\t\t\t<\/div>\n\t\t\t\t\t<\/div>\n\t\t<\/div>\n\t\t\t\t\t<\/div>\n\t\t<\/section>\n\t\t\t\t<\/div>\n\t\t","protected":false},"excerpt":{"rendered":"<p>CUMPLIMIENTO LEGAL EXCLUSIVES SES ILLES, S.L.U. es una empresa comprometida con el comportamiento \u00e9tico y socialmente responsable, el cual se encuentra presente en todas y cada una de sus decisiones y \u00e1reas de actuaci\u00f3n, con especial respeto a los derechos humanos, los derechos laborales y a las libertades de las personas. El reflejo de este&hellip; <a class=\"more-link\" href=\"https:\/\/exclusivessesilles.com\/index.php\/cumplimiento-legal\/\">Seguir leyendo <span class=\"screen-reader-text\">Cumplimiento legal<\/span><\/a><\/p>\n","protected":false},"author":1,"featured_media":0,"parent":0,"menu_order":0,"comment_status":"closed","ping_status":"closed","template":"elementor_canvas","meta":{"footnotes":""},"class_list":["post-1804","page","type-page","status-publish","hentry","entry"],"yoast_head":"<!-- This site is optimized with the Yoast SEO plugin v24.4 - https:\/\/yoast.com\/wordpress\/plugins\/seo\/ -->\n<title>Cumplimiento legal - Exclusives Ses Illes<\/title>\n<meta name=\"robots\" content=\"index, follow, max-snippet:-1, max-image-preview:large, max-video-preview:-1\" \/>\n<link rel=\"canonical\" href=\"http:\/\/exclusivessesilles.com\/index.php\/cumplimiento-legal\/\" \/>\n<meta property=\"og:locale\" content=\"es_ES\" \/>\n<meta property=\"og:type\" content=\"article\" \/>\n<meta property=\"og:title\" content=\"Cumplimiento legal - Exclusives Ses Illes\" \/>\n<meta property=\"og:description\" content=\"CUMPLIMIENTO LEGAL EXCLUSIVES SES ILLES, S.L.U. es una empresa comprometida con el comportamiento \u00e9tico y socialmente responsable, el cual se encuentra presente en todas y cada una de sus decisiones y \u00e1reas de actuaci\u00f3n, con especial respeto a los derechos humanos, los derechos laborales y a las libertades de las personas. El reflejo de este&hellip; Seguir leyendo Cumplimiento legal\" \/>\n<meta property=\"og:url\" content=\"http:\/\/exclusivessesilles.com\/index.php\/cumplimiento-legal\/\" \/>\n<meta property=\"og:site_name\" content=\"Exclusives Ses Illes\" \/>\n<meta property=\"article:modified_time\" content=\"2025-02-13T12:11:11+00:00\" \/>\n<meta property=\"og:image\" content=\"http:\/\/exclusivessesilles.com\/wp-content\/uploads\/2022\/04\/ses_illes-150x150.png\" \/>\n<meta name=\"twitter:card\" content=\"summary_large_image\" \/>\n<meta name=\"twitter:label1\" content=\"Tiempo de lectura\" \/>\n\t<meta name=\"twitter:data1\" content=\"3 minutos\" \/>\n<script type=\"application\/ld+json\" class=\"yoast-schema-graph\">{\"@context\":\"https:\/\/schema.org\",\"@graph\":[{\"@type\":\"WebPage\",\"@id\":\"http:\/\/exclusivessesilles.com\/index.php\/cumplimiento-legal\/\",\"url\":\"http:\/\/exclusivessesilles.com\/index.php\/cumplimiento-legal\/\",\"name\":\"Cumplimiento legal - Exclusives Ses Illes\",\"isPartOf\":{\"@id\":\"https:\/\/exclusivessesilles.com\/#website\"},\"primaryImageOfPage\":{\"@id\":\"http:\/\/exclusivessesilles.com\/index.php\/cumplimiento-legal\/#primaryimage\"},\"image\":{\"@id\":\"http:\/\/exclusivessesilles.com\/index.php\/cumplimiento-legal\/#primaryimage\"},\"thumbnailUrl\":\"http:\/\/exclusivessesilles.com\/wp-content\/uploads\/2022\/04\/ses_illes-150x150.png\",\"datePublished\":\"2022-05-19T09:13:57+00:00\",\"dateModified\":\"2025-02-13T12:11:11+00:00\",\"breadcrumb\":{\"@id\":\"http:\/\/exclusivessesilles.com\/index.php\/cumplimiento-legal\/#breadcrumb\"},\"inLanguage\":\"es\",\"potentialAction\":[{\"@type\":\"ReadAction\",\"target\":[\"http:\/\/exclusivessesilles.com\/index.php\/cumplimiento-legal\/\"]}]},{\"@type\":\"ImageObject\",\"inLanguage\":\"es\",\"@id\":\"http:\/\/exclusivessesilles.com\/index.php\/cumplimiento-legal\/#primaryimage\",\"url\":\"http:\/\/exclusivessesilles.com\/wp-content\/uploads\/2022\/04\/ses_illes-150x150.png\",\"contentUrl\":\"http:\/\/exclusivessesilles.com\/wp-content\/uploads\/2022\/04\/ses_illes-150x150.png\"},{\"@type\":\"BreadcrumbList\",\"@id\":\"http:\/\/exclusivessesilles.com\/index.php\/cumplimiento-legal\/#breadcrumb\",\"itemListElement\":[{\"@type\":\"ListItem\",\"position\":1,\"name\":\"Portada\",\"item\":\"https:\/\/exclusivessesilles.com\/\"},{\"@type\":\"ListItem\",\"position\":2,\"name\":\"Cumplimiento legal\"}]},{\"@type\":\"WebSite\",\"@id\":\"https:\/\/exclusivessesilles.com\/#website\",\"url\":\"https:\/\/exclusivessesilles.com\/\",\"name\":\"Exclusives Ses Illes\",\"description\":\"Exclusives Ses Illes\",\"potentialAction\":[{\"@type\":\"SearchAction\",\"target\":{\"@type\":\"EntryPoint\",\"urlTemplate\":\"https:\/\/exclusivessesilles.com\/?s={search_term_string}\"},\"query-input\":{\"@type\":\"PropertyValueSpecification\",\"valueRequired\":true,\"valueName\":\"search_term_string\"}}],\"inLanguage\":\"es\"}]}<\/script>\n<!-- \/ Yoast SEO plugin. -->","yoast_head_json":{"title":"Cumplimiento legal - Exclusives Ses Illes","robots":{"index":"index","follow":"follow","max-snippet":"max-snippet:-1","max-image-preview":"max-image-preview:large","max-video-preview":"max-video-preview:-1"},"canonical":"http:\/\/exclusivessesilles.com\/index.php\/cumplimiento-legal\/","og_locale":"es_ES","og_type":"article","og_title":"Cumplimiento legal - Exclusives Ses Illes","og_description":"CUMPLIMIENTO LEGAL EXCLUSIVES SES ILLES, S.L.U. es una empresa comprometida con el comportamiento \u00e9tico y socialmente responsable, el cual se encuentra presente en todas y cada una de sus decisiones y \u00e1reas de actuaci\u00f3n, con especial respeto a los derechos humanos, los derechos laborales y a las libertades de las personas. El reflejo de este&hellip; Seguir leyendo Cumplimiento legal","og_url":"http:\/\/exclusivessesilles.com\/index.php\/cumplimiento-legal\/","og_site_name":"Exclusives Ses Illes","article_modified_time":"2025-02-13T12:11:11+00:00","og_image":[{"url":"http:\/\/exclusivessesilles.com\/wp-content\/uploads\/2022\/04\/ses_illes-150x150.png","type":"","width":"","height":""}],"twitter_card":"summary_large_image","twitter_misc":{"Tiempo de lectura":"3 minutos"},"schema":{"@context":"https:\/\/schema.org","@graph":[{"@type":"WebPage","@id":"http:\/\/exclusivessesilles.com\/index.php\/cumplimiento-legal\/","url":"http:\/\/exclusivessesilles.com\/index.php\/cumplimiento-legal\/","name":"Cumplimiento legal - Exclusives Ses Illes","isPartOf":{"@id":"https:\/\/exclusivessesilles.com\/#website"},"primaryImageOfPage":{"@id":"http:\/\/exclusivessesilles.com\/index.php\/cumplimiento-legal\/#primaryimage"},"image":{"@id":"http:\/\/exclusivessesilles.com\/index.php\/cumplimiento-legal\/#primaryimage"},"thumbnailUrl":"http:\/\/exclusivessesilles.com\/wp-content\/uploads\/2022\/04\/ses_illes-150x150.png","datePublished":"2022-05-19T09:13:57+00:00","dateModified":"2025-02-13T12:11:11+00:00","breadcrumb":{"@id":"http:\/\/exclusivessesilles.com\/index.php\/cumplimiento-legal\/#breadcrumb"},"inLanguage":"es","potentialAction":[{"@type":"ReadAction","target":["http:\/\/exclusivessesilles.com\/index.php\/cumplimiento-legal\/"]}]},{"@type":"ImageObject","inLanguage":"es","@id":"http:\/\/exclusivessesilles.com\/index.php\/cumplimiento-legal\/#primaryimage","url":"http:\/\/exclusivessesilles.com\/wp-content\/uploads\/2022\/04\/ses_illes-150x150.png","contentUrl":"http:\/\/exclusivessesilles.com\/wp-content\/uploads\/2022\/04\/ses_illes-150x150.png"},{"@type":"BreadcrumbList","@id":"http:\/\/exclusivessesilles.com\/index.php\/cumplimiento-legal\/#breadcrumb","itemListElement":[{"@type":"ListItem","position":1,"name":"Portada","item":"https:\/\/exclusivessesilles.com\/"},{"@type":"ListItem","position":2,"name":"Cumplimiento legal"}]},{"@type":"WebSite","@id":"https:\/\/exclusivessesilles.com\/#website","url":"https:\/\/exclusivessesilles.com\/","name":"Exclusives Ses Illes","description":"Exclusives Ses Illes","potentialAction":[{"@type":"SearchAction","target":{"@type":"EntryPoint","urlTemplate":"https:\/\/exclusivessesilles.com\/?s={search_term_string}"},"query-input":{"@type":"PropertyValueSpecification","valueRequired":true,"valueName":"search_term_string"}}],"inLanguage":"es"}]}},"_links":{"self":[{"href":"https:\/\/exclusivessesilles.com\/index.php\/wp-json\/wp\/v2\/pages\/1804","targetHints":{"allow":["GET"]}}],"collection":[{"href":"https:\/\/exclusivessesilles.com\/index.php\/wp-json\/wp\/v2\/pages"}],"about":[{"href":"https:\/\/exclusivessesilles.com\/index.php\/wp-json\/wp\/v2\/types\/page"}],"author":[{"embeddable":true,"href":"https:\/\/exclusivessesilles.com\/index.php\/wp-json\/wp\/v2\/users\/1"}],"replies":[{"embeddable":true,"href":"https:\/\/exclusivessesilles.com\/index.php\/wp-json\/wp\/v2\/comments?post=1804"}],"version-history":[{"count":73,"href":"https:\/\/exclusivessesilles.com\/index.php\/wp-json\/wp\/v2\/pages\/1804\/revisions"}],"predecessor-version":[{"id":2678,"href":"https:\/\/exclusivessesilles.com\/index.php\/wp-json\/wp\/v2\/pages\/1804\/revisions\/2678"}],"wp:attachment":[{"href":"https:\/\/exclusivessesilles.com\/index.php\/wp-json\/wp\/v2\/media?parent=1804"}],"curies":[{"name":"wp","href":"https:\/\/api.w.org\/{rel}","templated":true}]}}