{"id":1487,"date":"2022-05-19T08:32:52","date_gmt":"2022-05-19T08:32:52","guid":{"rendered":"https:\/\/areamalaguena.com\/?page_id=1487"},"modified":"2025-03-11T12:22:36","modified_gmt":"2025-03-11T12:22:36","slug":"cookies-duplicado-774-2","status":"publish","type":"page","link":"https:\/\/exclusivessesilles.com\/index.php\/cookies-duplicado-774-2\/","title":{"rendered":"Cookies &#8211; Duplicado &#8211; [#774]"},"content":{"rendered":"\t\t<div data-elementor-type=\"wp-page\" data-elementor-id=\"1487\" class=\"elementor elementor-1487\">\n\t\t\t\t\t\t<section class=\"elementor-section elementor-top-section elementor-element elementor-element-2ed14c2 elementor-section-boxed elementor-section-height-default elementor-section-height-default\" data-id=\"2ed14c2\" data-element_type=\"section\">\n\t\t\t\t\t\t<div class=\"elementor-container elementor-column-gap-default\">\n\t\t\t\t\t<div class=\"elementor-column elementor-col-100 elementor-top-column elementor-element elementor-element-56ba47d\" data-id=\"56ba47d\" data-element_type=\"column\">\n\t\t\t<div class=\"elementor-widget-wrap elementor-element-populated\">\n\t\t\t\t\t\t<div class=\"elementor-element elementor-element-a90d043 elementor-widget elementor-widget-image\" data-id=\"a90d043\" data-element_type=\"widget\" data-widget_type=\"image.default\">\n\t\t\t\t<div class=\"elementor-widget-container\">\n\t\t\t\t\t\t\t\t\t\t\t\t\t\t\t<img fetchpriority=\"high\" decoding=\"async\" width=\"300\" height=\"200\" src=\"https:\/\/exclusivessesilles.com\/wp-content\/uploads\/2022\/04\/ses_illes-300x200.png\" class=\"attachment-medium size-medium wp-image-1501\" alt=\"Logo de Exclusives Ses ILLES\" srcset=\"https:\/\/exclusivessesilles.com\/wp-content\/uploads\/2022\/04\/ses_illes-300x200.png 300w, https:\/\/exclusivessesilles.com\/wp-content\/uploads\/2022\/04\/ses_illes-e1652947823398.png 173w\" sizes=\"(max-width: 300px) 100vw, 300px\" style=\"width:100%;height:66.47%;max-width:173px\" \/>\t\t\t\t\t\t\t\t\t\t\t\t\t\t\t<\/div>\n\t\t\t\t<\/div>\n\t\t\t\t<div class=\"elementor-element elementor-element-43546c7 elementor-widget elementor-widget-text-editor\" data-id=\"43546c7\" data-element_type=\"widget\" data-widget_type=\"text-editor.default\">\n\t\t\t\t<div class=\"elementor-widget-container\">\n\t\t\t\t\t\t\t\t\t<h4>POL\u00cdTICA DE COOKIES<\/h4><h5>\u00bfQu\u00e9 son las cookies?<\/h5><p>Una cookie es un fichero que se descarga en su ordenador al acceder a determinadas p\u00e1ginas web. Las cookies permiten a una p\u00e1gina web, entre otras cosas, almacenar y recuperar informaci\u00f3n sobre los h\u00e1bitos de navegaci\u00f3n de un usuario o de su equipo y, dependiendo de la informaci\u00f3n que contengan y de la forma en que utilice su equipo, pueden utilizarse para reconocer al usuario.<\/p><p>\u00a0<\/p><h5>\u00bfPara qu\u00e9 las utilizamos?<\/h5><p>El sitio web de <a href=\"https:\/\/areamalaguena.com\/\">E<\/a>xclusives Ses Illes emplea \u2018cookies\u2019 con la finalidad de permitir y facilitar la interacci\u00f3n del usuario con el mismo. Asimismo, los servicios de estad\u00edsticas \u2013propios o ajenos-, empleados por Exclusives Ses Illes, pueden emplear \u2018cookies\u2019 con la finalidad de establecer m\u00e9tricas y patrones de uso del sitio.<\/p><p>Los terceros tambi\u00e9n pueden recopilar informaci\u00f3n a trav\u00e9s de las P\u00e1ginas Web mediante cookies, plugins y widgets de terceros. Estos terceros recogen datos directamente de su navegador web y el tratamiento de estos datos est\u00e1 sujeto a sus propias pol\u00edticas de privacidad.<\/p><p>\u00a0<\/p><h5>\u00bfQu\u00e9 tipos de cookies utiliza esta p\u00e1gina web?<\/h5><p>Cookies funcionales de sesi\u00f3n: Estas cookies son necesarias para la funcionalidad b\u00e1sica de la P\u00e1gina Web y, por lo tanto, siempre est\u00e1n habilitadas para ello. Mantienen al usuario identificado durante el uso del sitio web de Exclusives Ses Illes, permitiendo su interacci\u00f3n con el mismo. Ayudan a hacer posible el proceso de compra y pago, as\u00ed como a asistir cuestiones de seguridad y de conformidad con las normativas.<\/p><ul><li>Cookies de rendimiento: Estas cookies nos permiten mejorar la funcionalidad de nuestras P\u00e1ginas Web mediante el seguimiento del uso. En algunos casos, estas cookies mejoran la velocidad con la que podemos procesar su solicitud y nos permiten recordar las preferencias de la p\u00e1gina web que usted ha seleccionado. Rechazar estas cookies puede generar recomendaciones mal adaptadas y un rendimiento lento de la p\u00e1gina web.<\/li><li>Cookies de an\u00e1lisis: Son aquellas que, bien tratadas por nosotros o por terceros, nos permiten cuantificar el n\u00famero de usuarios y as\u00ed realizar la medici\u00f3n y an\u00e1lisis estad\u00edstico de la utilizaci\u00f3n que hacen los usuarios del servicio ofertado. Para ello se analiza su navegaci\u00f3n en nuestra p\u00e1gina web con el fin de mejorar la oferta de productos o servicios que le ofrecemos.<\/li><li>Cookies de redes sociales y Publicidad: Las cookies de redes sociales le ofrecen la posibilidad de conectarse a sus redes sociales y compartir el contenido de nuestra p\u00e1gina web a trav\u00e9s de redes sociales. Las cookies publicitarias (de terceros) recopilan informaci\u00f3n para ayudar a adaptar mejor la publicidad a sus intereses, tanto dentro como fuera de nuestra p\u00e1gina web. En algunos casos, estas cookies implican el tratamiento de sus datos personales. Rechazar estas cookies puede generar ver publicidad que no es tan relevante para usted o que no pueda enlazarte de manera efectiva con Facebook, Twitter u otras redes sociales y\/o que no te permita compartir contenido en redes sociales.<\/li><\/ul><h5>\u00a0<\/h5><h5>\u00bfComo cambiar mi configuraci\u00f3n de cookies?<\/h5><p>Una vez aceptada nuestra pol\u00edtica de cookies, para poder aceptar de nuevo, conocer, bloquear o eliminar las cookies instaladas en tu equipo, puedes hacerlo mediante la configuraci\u00f3n de las opciones del navegador instalado en tu ordenador.<\/p><p>Por ejemplo, puedes encontrar informaci\u00f3n sobre c\u00f3mo hacerlo en el caso de que uses como navegador:<\/p><ul><li>Firefox desde aqu\u00ed: http:\/\/support.mozilla.org\/es\/kb\/habilitar-y-deshabilitar-cookies-que-los-sitios-web<\/li><li>Chrome desde aqu\u00ed: http:\/\/support.google.com\/chrome\/bin\/answer.py?hl=es&amp;answer=95647<\/li><li>Explorer desde aqu\u00ed: http:\/\/windows.microsoft.com\/es-es\/windows7\/how-to-manage-cookies-in-internet-explorer-9<\/li><li>Safari desde aqu\u00ed: http:\/\/support.apple.com\/kb\/ph5042<\/li><li>Opera desde aqu\u00ed: http:\/\/help.opera.com\/Windows\/11.50\/es-ES\/cookies.html<\/li><\/ul>\t\t\t\t\t\t\t\t<\/div>\n\t\t\t\t<\/div>\n\t\t\t\t\t<\/div>\n\t\t<\/div>\n\t\t\t\t\t<\/div>\n\t\t<\/section>\n\t\t\t\t<section class=\"elementor-section elementor-top-section elementor-element elementor-element-2ce496c elementor-section-full_width elementor-section-height-default elementor-section-height-default\" data-id=\"2ce496c\" data-element_type=\"section\">\n\t\t\t\t\t\t<div class=\"elementor-container elementor-column-gap-default\">\n\t\t\t\t\t<div class=\"elementor-column elementor-col-50 elementor-top-column elementor-element elementor-element-8cc9fed\" data-id=\"8cc9fed\" data-element_type=\"column\">\n\t\t\t<div class=\"elementor-widget-wrap elementor-element-populated\">\n\t\t\t\t\t\t<div class=\"elementor-element elementor-element-6fe48df elementor-widget elementor-widget-text-editor\" data-id=\"6fe48df\" data-element_type=\"widget\" data-widget_type=\"text-editor.default\">\n\t\t\t\t<div class=\"elementor-widget-container\">\n\t\t\t\t\t\t\t\t\t<p style=\"text-align: center;\"><a href=\"http:\/\/areamalaguena.com\/\">\u00a9 2025 Exclusives Ses Illes S.L.U.<\/a><\/p>\t\t\t\t\t\t\t\t<\/div>\n\t\t\t\t<\/div>\n\t\t\t\t\t<\/div>\n\t\t<\/div>\n\t\t\t\t<div class=\"elementor-column elementor-col-50 elementor-top-column elementor-element elementor-element-18e43d7\" data-id=\"18e43d7\" data-element_type=\"column\">\n\t\t\t<div class=\"elementor-widget-wrap elementor-element-populated\">\n\t\t\t\t\t\t<div class=\"elementor-element elementor-element-9515896 elementor-widget elementor-widget-text-editor\" data-id=\"9515896\" data-element_type=\"widget\" data-widget_type=\"text-editor.default\">\n\t\t\t\t<div class=\"elementor-widget-container\">\n\t\t\t\t\t\t\t\t\t<p style=\"text-align: center;\"><a href=\"https:\/\/exclusivessesilles.com\/index.php\/privacidad-duplicado-744\/\">Aviso legal y pol\u00edtica de privacidad<\/a> | <a href=\"https:\/\/exclusivessesilles.com\/index.php\/cookies-duplicado-774-2\/\">Cookies<\/a>| <a href=\"https:\/\/exclusivessesilles.com\/index.php\/cookies-duplicado-774\/\">Cumplimiento legal<\/a><\/p>\t\t\t\t\t\t\t\t<\/div>\n\t\t\t\t<\/div>\n\t\t\t\t\t<\/div>\n\t\t<\/div>\n\t\t\t\t\t<\/div>\n\t\t<\/section>\n\t\t\t\t<\/div>\n\t\t","protected":false},"excerpt":{"rendered":"<p>POL\u00cdTICA DE COOKIES \u00bfQu\u00e9 son las cookies? Una cookie es un fichero que se descarga en su ordenador al acceder a determinadas p\u00e1ginas web. Las cookies permiten a una p\u00e1gina web, entre otras cosas, almacenar y recuperar informaci\u00f3n sobre los h\u00e1bitos de navegaci\u00f3n de un usuario o de su equipo y, dependiendo de la informaci\u00f3n&hellip; <a class=\"more-link\" href=\"https:\/\/exclusivessesilles.com\/index.php\/cookies-duplicado-774-2\/\">Seguir leyendo <span class=\"screen-reader-text\">Cookies &#8211; Duplicado &#8211; [#774]<\/span><\/a><\/p>\n","protected":false},"author":2,"featured_media":0,"parent":0,"menu_order":0,"comment_status":"closed","ping_status":"closed","template":"elementor_canvas","meta":{"footnotes":""},"class_list":["post-1487","page","type-page","status-publish","hentry","entry"],"yoast_head":"<!-- This site is optimized with the Yoast SEO plugin v24.4 - https:\/\/yoast.com\/wordpress\/plugins\/seo\/ -->\n<title>Cookies - Duplicado - [#774] - Exclusives Ses Illes<\/title>\n<meta name=\"robots\" content=\"index, follow, max-snippet:-1, max-image-preview:large, max-video-preview:-1\" \/>\n<link rel=\"canonical\" href=\"https:\/\/exclusivessesilles.com\/index.php\/cookies-duplicado-774-2\/\" \/>\n<meta property=\"og:locale\" content=\"es_ES\" \/>\n<meta property=\"og:type\" content=\"article\" \/>\n<meta property=\"og:title\" content=\"Cookies - Duplicado - [#774] - Exclusives Ses Illes\" \/>\n<meta property=\"og:description\" content=\"POL\u00cdTICA DE COOKIES \u00bfQu\u00e9 son las cookies? Una cookie es un fichero que se descarga en su ordenador al acceder a determinadas p\u00e1ginas web. Las cookies permiten a una p\u00e1gina web, entre otras cosas, almacenar y recuperar informaci\u00f3n sobre los h\u00e1bitos de navegaci\u00f3n de un usuario o de su equipo y, dependiendo de la informaci\u00f3n&hellip; Seguir leyendo Cookies &#8211; Duplicado &#8211; [#774]\" \/>\n<meta property=\"og:url\" content=\"https:\/\/exclusivessesilles.com\/index.php\/cookies-duplicado-774-2\/\" \/>\n<meta property=\"og:site_name\" content=\"Exclusives Ses Illes\" \/>\n<meta property=\"article:modified_time\" content=\"2025-03-11T12:22:36+00:00\" \/>\n<meta property=\"og:image\" content=\"http:\/\/exclusivessesilles.com\/wp-content\/uploads\/2022\/04\/ses_illes-300x200.png\" \/>\n<meta name=\"twitter:card\" content=\"summary_large_image\" \/>\n<meta name=\"twitter:label1\" content=\"Tiempo de lectura\" \/>\n\t<meta name=\"twitter:data1\" content=\"3 minutos\" \/>\n<script type=\"application\/ld+json\" class=\"yoast-schema-graph\">{\"@context\":\"https:\/\/schema.org\",\"@graph\":[{\"@type\":\"WebPage\",\"@id\":\"https:\/\/exclusivessesilles.com\/index.php\/cookies-duplicado-774-2\/\",\"url\":\"https:\/\/exclusivessesilles.com\/index.php\/cookies-duplicado-774-2\/\",\"name\":\"Cookies - Duplicado - [#774] - Exclusives Ses Illes\",\"isPartOf\":{\"@id\":\"https:\/\/exclusivessesilles.com\/#website\"},\"primaryImageOfPage\":{\"@id\":\"https:\/\/exclusivessesilles.com\/index.php\/cookies-duplicado-774-2\/#primaryimage\"},\"image\":{\"@id\":\"https:\/\/exclusivessesilles.com\/index.php\/cookies-duplicado-774-2\/#primaryimage\"},\"thumbnailUrl\":\"http:\/\/exclusivessesilles.com\/wp-content\/uploads\/2022\/04\/ses_illes-300x200.png\",\"datePublished\":\"2022-05-19T08:32:52+00:00\",\"dateModified\":\"2025-03-11T12:22:36+00:00\",\"breadcrumb\":{\"@id\":\"https:\/\/exclusivessesilles.com\/index.php\/cookies-duplicado-774-2\/#breadcrumb\"},\"inLanguage\":\"es\",\"potentialAction\":[{\"@type\":\"ReadAction\",\"target\":[\"https:\/\/exclusivessesilles.com\/index.php\/cookies-duplicado-774-2\/\"]}]},{\"@type\":\"ImageObject\",\"inLanguage\":\"es\",\"@id\":\"https:\/\/exclusivessesilles.com\/index.php\/cookies-duplicado-774-2\/#primaryimage\",\"url\":\"http:\/\/exclusivessesilles.com\/wp-content\/uploads\/2022\/04\/ses_illes-300x200.png\",\"contentUrl\":\"http:\/\/exclusivessesilles.com\/wp-content\/uploads\/2022\/04\/ses_illes-300x200.png\"},{\"@type\":\"BreadcrumbList\",\"@id\":\"https:\/\/exclusivessesilles.com\/index.php\/cookies-duplicado-774-2\/#breadcrumb\",\"itemListElement\":[{\"@type\":\"ListItem\",\"position\":1,\"name\":\"Portada\",\"item\":\"https:\/\/exclusivessesilles.com\/\"},{\"@type\":\"ListItem\",\"position\":2,\"name\":\"Cookies &#8211; Duplicado &#8211; [#774]\"}]},{\"@type\":\"WebSite\",\"@id\":\"https:\/\/exclusivessesilles.com\/#website\",\"url\":\"https:\/\/exclusivessesilles.com\/\",\"name\":\"Exclusives Ses Illes\",\"description\":\"Exclusives Ses Illes\",\"potentialAction\":[{\"@type\":\"SearchAction\",\"target\":{\"@type\":\"EntryPoint\",\"urlTemplate\":\"https:\/\/exclusivessesilles.com\/?s={search_term_string}\"},\"query-input\":{\"@type\":\"PropertyValueSpecification\",\"valueRequired\":true,\"valueName\":\"search_term_string\"}}],\"inLanguage\":\"es\"}]}<\/script>\n<!-- \/ Yoast SEO plugin. -->","yoast_head_json":{"title":"Cookies - Duplicado - [#774] - Exclusives Ses Illes","robots":{"index":"index","follow":"follow","max-snippet":"max-snippet:-1","max-image-preview":"max-image-preview:large","max-video-preview":"max-video-preview:-1"},"canonical":"https:\/\/exclusivessesilles.com\/index.php\/cookies-duplicado-774-2\/","og_locale":"es_ES","og_type":"article","og_title":"Cookies - Duplicado - [#774] - Exclusives Ses Illes","og_description":"POL\u00cdTICA DE COOKIES \u00bfQu\u00e9 son las cookies? Una cookie es un fichero que se descarga en su ordenador al acceder a determinadas p\u00e1ginas web. Las cookies permiten a una p\u00e1gina web, entre otras cosas, almacenar y recuperar informaci\u00f3n sobre los h\u00e1bitos de navegaci\u00f3n de un usuario o de su equipo y, dependiendo de la informaci\u00f3n&hellip; Seguir leyendo Cookies &#8211; Duplicado &#8211; [#774]","og_url":"https:\/\/exclusivessesilles.com\/index.php\/cookies-duplicado-774-2\/","og_site_name":"Exclusives Ses Illes","article_modified_time":"2025-03-11T12:22:36+00:00","og_image":[{"url":"http:\/\/exclusivessesilles.com\/wp-content\/uploads\/2022\/04\/ses_illes-300x200.png","type":"","width":"","height":""}],"twitter_card":"summary_large_image","twitter_misc":{"Tiempo de lectura":"3 minutos"},"schema":{"@context":"https:\/\/schema.org","@graph":[{"@type":"WebPage","@id":"https:\/\/exclusivessesilles.com\/index.php\/cookies-duplicado-774-2\/","url":"https:\/\/exclusivessesilles.com\/index.php\/cookies-duplicado-774-2\/","name":"Cookies - Duplicado - [#774] - Exclusives Ses Illes","isPartOf":{"@id":"https:\/\/exclusivessesilles.com\/#website"},"primaryImageOfPage":{"@id":"https:\/\/exclusivessesilles.com\/index.php\/cookies-duplicado-774-2\/#primaryimage"},"image":{"@id":"https:\/\/exclusivessesilles.com\/index.php\/cookies-duplicado-774-2\/#primaryimage"},"thumbnailUrl":"http:\/\/exclusivessesilles.com\/wp-content\/uploads\/2022\/04\/ses_illes-300x200.png","datePublished":"2022-05-19T08:32:52+00:00","dateModified":"2025-03-11T12:22:36+00:00","breadcrumb":{"@id":"https:\/\/exclusivessesilles.com\/index.php\/cookies-duplicado-774-2\/#breadcrumb"},"inLanguage":"es","potentialAction":[{"@type":"ReadAction","target":["https:\/\/exclusivessesilles.com\/index.php\/cookies-duplicado-774-2\/"]}]},{"@type":"ImageObject","inLanguage":"es","@id":"https:\/\/exclusivessesilles.com\/index.php\/cookies-duplicado-774-2\/#primaryimage","url":"http:\/\/exclusivessesilles.com\/wp-content\/uploads\/2022\/04\/ses_illes-300x200.png","contentUrl":"http:\/\/exclusivessesilles.com\/wp-content\/uploads\/2022\/04\/ses_illes-300x200.png"},{"@type":"BreadcrumbList","@id":"https:\/\/exclusivessesilles.com\/index.php\/cookies-duplicado-774-2\/#breadcrumb","itemListElement":[{"@type":"ListItem","position":1,"name":"Portada","item":"https:\/\/exclusivessesilles.com\/"},{"@type":"ListItem","position":2,"name":"Cookies &#8211; Duplicado &#8211; [#774]"}]},{"@type":"WebSite","@id":"https:\/\/exclusivessesilles.com\/#website","url":"https:\/\/exclusivessesilles.com\/","name":"Exclusives Ses Illes","description":"Exclusives Ses Illes","potentialAction":[{"@type":"SearchAction","target":{"@type":"EntryPoint","urlTemplate":"https:\/\/exclusivessesilles.com\/?s={search_term_string}"},"query-input":{"@type":"PropertyValueSpecification","valueRequired":true,"valueName":"search_term_string"}}],"inLanguage":"es"}]}},"_links":{"self":[{"href":"https:\/\/exclusivessesilles.com\/index.php\/wp-json\/wp\/v2\/pages\/1487","targetHints":{"allow":["GET"]}}],"collection":[{"href":"https:\/\/exclusivessesilles.com\/index.php\/wp-json\/wp\/v2\/pages"}],"about":[{"href":"https:\/\/exclusivessesilles.com\/index.php\/wp-json\/wp\/v2\/types\/page"}],"author":[{"embeddable":true,"href":"https:\/\/exclusivessesilles.com\/index.php\/wp-json\/wp\/v2\/users\/2"}],"replies":[{"embeddable":true,"href":"https:\/\/exclusivessesilles.com\/index.php\/wp-json\/wp\/v2\/comments?post=1487"}],"version-history":[{"count":30,"href":"https:\/\/exclusivessesilles.com\/index.php\/wp-json\/wp\/v2\/pages\/1487\/revisions"}],"predecessor-version":[{"id":2691,"href":"https:\/\/exclusivessesilles.com\/index.php\/wp-json\/wp\/v2\/pages\/1487\/revisions\/2691"}],"wp:attachment":[{"href":"https:\/\/exclusivessesilles.com\/index.php\/wp-json\/wp\/v2\/media?parent=1487"}],"curies":[{"name":"wp","href":"https:\/\/api.w.org\/{rel}","templated":true}]}}